{"id":7,"date":"2023-06-15T12:54:47","date_gmt":"2023-06-15T15:54:47","guid":{"rendered":"https:\/\/inovacoesmcbauchemie.combrcloud.com.br\/mc-proof-multi\/?page_id=7"},"modified":"2025-02-26T13:40:36","modified_gmt":"2025-02-26T16:40:36","slug":"impermeabilizante-mc-proof-multi","status":"publish","type":"page","link":"https:\/\/inovacoes.mc-bauchemie.com.br\/mc-proof-multi\/","title":{"rendered":"Home"},"content":{"rendered":"","protected":false},"excerpt":{"rendered":"","protected":false},"author":1,"featured_media":31,"parent":0,"menu_order":0,"comment_status":"closed","ping_status":"closed","template":"page-home.php","meta":{"footnotes":""},"class_list":["post-7","page","type-page","status-publish","has-post-thumbnail","hentry"],"yoast_head":"<!-- This site is optimized with the Yoast SEO plugin v26.1.1 - https:\/\/yoast.com\/wordpress\/plugins\/seo\/ -->\n<title>Impermeabilizante Multiuso MC-Proof Multi \u2013<\/title>\n<meta name=\"description\" content=\"Conhe\u00e7a o MC-Proof Multi, o impermeabilizante coringa para a sua obra. O \u00fanico capaz de impermeabilizar 10 \u00e1reas diferentes!\" \/>\n<meta name=\"robots\" content=\"index, follow, max-snippet:-1, max-image-preview:large, max-video-preview:-1\" \/>\n<link rel=\"canonical\" href=\"https:\/\/inovacoes.mc-bauchemie.com.br\/mc-proof-multi\/\" \/>\n<meta property=\"og:locale\" content=\"pt_BR\" \/>\n<meta property=\"og:type\" content=\"article\" \/>\n<meta property=\"og:title\" content=\"Impermeabilizante Multiuso MC-Proof Multi \u2013\" \/>\n<meta property=\"og:description\" content=\"Conhe\u00e7a o MC-Proof Multi, o impermeabilizante coringa para a sua obra. O \u00fanico capaz de impermeabilizar 10 \u00e1reas diferentes!\" \/>\n<meta property=\"og:url\" content=\"https:\/\/inovacoes.mc-bauchemie.com.br\/mc-proof-multi\/\" \/>\n<meta property=\"og:site_name\" content=\"MC Proof Multi | MC Bauchemie\" \/>\n<meta property=\"article:modified_time\" content=\"2025-02-26T16:40:36+00:00\" \/>\n<meta property=\"og:image\" content=\"https:\/\/inovacoes.mc-bauchemie.com.br\/mc-proof-multi\/wp-content\/uploads\/2023\/06\/WhatsApp-Image-2023-06-20-at-16.02.13.jpeg\" \/>\n\t<meta property=\"og:image:width\" content=\"1280\" \/>\n\t<meta property=\"og:image:height\" content=\"655\" \/>\n\t<meta property=\"og:image:type\" content=\"image\/jpeg\" \/>\n<meta name=\"twitter:card\" content=\"summary_large_image\" \/>\n<meta name=\"twitter:label1\" content=\"Est. tempo de leitura\" \/>\n\t<meta name=\"twitter:data1\" content=\"1 minuto\" \/>\n<script type=\"application\/ld+json\" class=\"yoast-schema-graph\">{\"@context\":\"https:\/\/schema.org\",\"@graph\":[{\"@type\":\"WebPage\",\"@id\":\"https:\/\/inovacoes.mc-bauchemie.com.br\/mc-proof-multi\/\",\"url\":\"https:\/\/inovacoes.mc-bauchemie.com.br\/mc-proof-multi\/\",\"name\":\"Impermeabilizante Multiuso MC-Proof Multi \u2013\",\"isPartOf\":{\"@id\":\"https:\/\/inovacoes.mc-bauchemie.com.br\/mc-proof-multi\/#website\"},\"primaryImageOfPage\":{\"@id\":\"https:\/\/inovacoes.mc-bauchemie.com.br\/mc-proof-multi\/#primaryimage\"},\"image\":{\"@id\":\"https:\/\/inovacoes.mc-bauchemie.com.br\/mc-proof-multi\/#primaryimage\"},\"thumbnailUrl\":\"https:\/\/inovacoes.mc-bauchemie.com.br\/mc-proof-multi\/wp-content\/uploads\/2023\/06\/WhatsApp-Image-2023-06-20-at-16.02.13.jpeg\",\"datePublished\":\"2023-06-15T15:54:47+00:00\",\"dateModified\":\"2025-02-26T16:40:36+00:00\",\"description\":\"Conhe\u00e7a o MC-Proof Multi, o impermeabilizante coringa para a sua obra. O \u00fanico capaz de impermeabilizar 10 \u00e1reas diferentes!\",\"breadcrumb\":{\"@id\":\"https:\/\/inovacoes.mc-bauchemie.com.br\/mc-proof-multi\/#breadcrumb\"},\"inLanguage\":\"pt-BR\",\"potentialAction\":[{\"@type\":\"ReadAction\",\"target\":[\"https:\/\/inovacoes.mc-bauchemie.com.br\/mc-proof-multi\/\"]}]},{\"@type\":\"ImageObject\",\"inLanguage\":\"pt-BR\",\"@id\":\"https:\/\/inovacoes.mc-bauchemie.com.br\/mc-proof-multi\/#primaryimage\",\"url\":\"https:\/\/inovacoes.mc-bauchemie.com.br\/mc-proof-multi\/wp-content\/uploads\/2023\/06\/WhatsApp-Image-2023-06-20-at-16.02.13.jpeg\",\"contentUrl\":\"https:\/\/inovacoes.mc-bauchemie.com.br\/mc-proof-multi\/wp-content\/uploads\/2023\/06\/WhatsApp-Image-2023-06-20-at-16.02.13.jpeg\",\"width\":1280,\"height\":655,\"caption\":\"impermeabilizante MC-Proof Multi\"},{\"@type\":\"BreadcrumbList\",\"@id\":\"https:\/\/inovacoes.mc-bauchemie.com.br\/mc-proof-multi\/#breadcrumb\",\"itemListElement\":[{\"@type\":\"ListItem\",\"position\":1,\"name\":\"In\u00edcio\",\"item\":\"https:\/\/inovacoes.mc-bauchemie.com.br\/mc-proof-multi\/\"},{\"@type\":\"ListItem\",\"position\":2,\"name\":\"Home\"}]},{\"@type\":\"WebSite\",\"@id\":\"https:\/\/inovacoes.mc-bauchemie.com.br\/mc-proof-multi\/#website\",\"url\":\"https:\/\/inovacoes.mc-bauchemie.com.br\/mc-proof-multi\/\",\"name\":\"MC Proof Multi | MC Bauchemie\",\"description\":\"Impermeabilizante Multiuso\",\"publisher\":{\"@id\":\"https:\/\/inovacoes.mc-bauchemie.com.br\/mc-proof-multi\/#organization\"},\"alternateName\":\"MC Proof multi | Impermeabilizante Multiuso\",\"potentialAction\":[{\"@type\":\"SearchAction\",\"target\":{\"@type\":\"EntryPoint\",\"urlTemplate\":\"https:\/\/inovacoes.mc-bauchemie.com.br\/mc-proof-multi\/?s={search_term_string}\"},\"query-input\":{\"@type\":\"PropertyValueSpecification\",\"valueRequired\":true,\"valueName\":\"search_term_string\"}}],\"inLanguage\":\"pt-BR\"},{\"@type\":\"Organization\",\"@id\":\"https:\/\/inovacoes.mc-bauchemie.com.br\/mc-proof-multi\/#organization\",\"name\":\"MC Proof Multi | MC Bauchemie\",\"alternateName\":\"MC Proof Multi | MC Bauchemie\",\"url\":\"https:\/\/inovacoes.mc-bauchemie.com.br\/mc-proof-multi\/\",\"logo\":{\"@type\":\"ImageObject\",\"inLanguage\":\"pt-BR\",\"@id\":\"https:\/\/inovacoes.mc-bauchemie.com.br\/mc-proof-multi\/#\/schema\/logo\/image\/\",\"url\":\"https:\/\/inovacoes.mc-bauchemie.com.br\/mc-proof-multi\/wp-content\/uploads\/2023\/06\/cropped-cropped-cropped-cropped-cropped-imgpsh_fullsize_anim-192x192-1-1-1.webp\",\"contentUrl\":\"https:\/\/inovacoes.mc-bauchemie.com.br\/mc-proof-multi\/wp-content\/uploads\/2023\/06\/cropped-cropped-cropped-cropped-cropped-imgpsh_fullsize_anim-192x192-1-1-1.webp\",\"width\":512,\"height\":512,\"caption\":\"MC Proof Multi | MC Bauchemie\"},\"image\":{\"@id\":\"https:\/\/inovacoes.mc-bauchemie.com.br\/mc-proof-multi\/#\/schema\/logo\/image\/\"},\"sameAs\":[\"https:\/\/www.instagram.com\/mcbauchemiebrasil\/\",\"https:\/\/www.linkedin.com\/company\/mc-bauchemie-brasil\/\",\"https:\/\/www.youtube.com\/user\/MCBauchemieBrasil\"]}]}<\/script>\n<!-- \/ Yoast SEO plugin. -->","yoast_head_json":{"title":"Impermeabilizante Multiuso MC-Proof Multi \u2013","description":"Conhe\u00e7a o MC-Proof Multi, o impermeabilizante coringa para a sua obra. O \u00fanico capaz de impermeabilizar 10 \u00e1reas diferentes!","robots":{"index":"index","follow":"follow","max-snippet":"max-snippet:-1","max-image-preview":"max-image-preview:large","max-video-preview":"max-video-preview:-1"},"canonical":"https:\/\/inovacoes.mc-bauchemie.com.br\/mc-proof-multi\/","og_locale":"pt_BR","og_type":"article","og_title":"Impermeabilizante Multiuso MC-Proof Multi \u2013","og_description":"Conhe\u00e7a o MC-Proof Multi, o impermeabilizante coringa para a sua obra. O \u00fanico capaz de impermeabilizar 10 \u00e1reas diferentes!","og_url":"https:\/\/inovacoes.mc-bauchemie.com.br\/mc-proof-multi\/","og_site_name":"MC Proof Multi | MC Bauchemie","article_modified_time":"2025-02-26T16:40:36+00:00","og_image":[{"width":1280,"height":655,"url":"https:\/\/inovacoes.mc-bauchemie.com.br\/mc-proof-multi\/wp-content\/uploads\/2023\/06\/WhatsApp-Image-2023-06-20-at-16.02.13.jpeg","type":"image\/jpeg"}],"twitter_card":"summary_large_image","twitter_misc":{"Est. tempo de leitura":"1 minuto"},"schema":{"@context":"https:\/\/schema.org","@graph":[{"@type":"WebPage","@id":"https:\/\/inovacoes.mc-bauchemie.com.br\/mc-proof-multi\/","url":"https:\/\/inovacoes.mc-bauchemie.com.br\/mc-proof-multi\/","name":"Impermeabilizante Multiuso MC-Proof Multi \u2013","isPartOf":{"@id":"https:\/\/inovacoes.mc-bauchemie.com.br\/mc-proof-multi\/#website"},"primaryImageOfPage":{"@id":"https:\/\/inovacoes.mc-bauchemie.com.br\/mc-proof-multi\/#primaryimage"},"image":{"@id":"https:\/\/inovacoes.mc-bauchemie.com.br\/mc-proof-multi\/#primaryimage"},"thumbnailUrl":"https:\/\/inovacoes.mc-bauchemie.com.br\/mc-proof-multi\/wp-content\/uploads\/2023\/06\/WhatsApp-Image-2023-06-20-at-16.02.13.jpeg","datePublished":"2023-06-15T15:54:47+00:00","dateModified":"2025-02-26T16:40:36+00:00","description":"Conhe\u00e7a o MC-Proof Multi, o impermeabilizante coringa para a sua obra. O \u00fanico capaz de impermeabilizar 10 \u00e1reas diferentes!","breadcrumb":{"@id":"https:\/\/inovacoes.mc-bauchemie.com.br\/mc-proof-multi\/#breadcrumb"},"inLanguage":"pt-BR","potentialAction":[{"@type":"ReadAction","target":["https:\/\/inovacoes.mc-bauchemie.com.br\/mc-proof-multi\/"]}]},{"@type":"ImageObject","inLanguage":"pt-BR","@id":"https:\/\/inovacoes.mc-bauchemie.com.br\/mc-proof-multi\/#primaryimage","url":"https:\/\/inovacoes.mc-bauchemie.com.br\/mc-proof-multi\/wp-content\/uploads\/2023\/06\/WhatsApp-Image-2023-06-20-at-16.02.13.jpeg","contentUrl":"https:\/\/inovacoes.mc-bauchemie.com.br\/mc-proof-multi\/wp-content\/uploads\/2023\/06\/WhatsApp-Image-2023-06-20-at-16.02.13.jpeg","width":1280,"height":655,"caption":"impermeabilizante MC-Proof Multi"},{"@type":"BreadcrumbList","@id":"https:\/\/inovacoes.mc-bauchemie.com.br\/mc-proof-multi\/#breadcrumb","itemListElement":[{"@type":"ListItem","position":1,"name":"In\u00edcio","item":"https:\/\/inovacoes.mc-bauchemie.com.br\/mc-proof-multi\/"},{"@type":"ListItem","position":2,"name":"Home"}]},{"@type":"WebSite","@id":"https:\/\/inovacoes.mc-bauchemie.com.br\/mc-proof-multi\/#website","url":"https:\/\/inovacoes.mc-bauchemie.com.br\/mc-proof-multi\/","name":"MC Proof Multi | MC Bauchemie","description":"Impermeabilizante Multiuso","publisher":{"@id":"https:\/\/inovacoes.mc-bauchemie.com.br\/mc-proof-multi\/#organization"},"alternateName":"MC Proof multi | Impermeabilizante Multiuso","potentialAction":[{"@type":"SearchAction","target":{"@type":"EntryPoint","urlTemplate":"https:\/\/inovacoes.mc-bauchemie.com.br\/mc-proof-multi\/?s={search_term_string}"},"query-input":{"@type":"PropertyValueSpecification","valueRequired":true,"valueName":"search_term_string"}}],"inLanguage":"pt-BR"},{"@type":"Organization","@id":"https:\/\/inovacoes.mc-bauchemie.com.br\/mc-proof-multi\/#organization","name":"MC Proof Multi | MC Bauchemie","alternateName":"MC Proof Multi | MC Bauchemie","url":"https:\/\/inovacoes.mc-bauchemie.com.br\/mc-proof-multi\/","logo":{"@type":"ImageObject","inLanguage":"pt-BR","@id":"https:\/\/inovacoes.mc-bauchemie.com.br\/mc-proof-multi\/#\/schema\/logo\/image\/","url":"https:\/\/inovacoes.mc-bauchemie.com.br\/mc-proof-multi\/wp-content\/uploads\/2023\/06\/cropped-cropped-cropped-cropped-cropped-imgpsh_fullsize_anim-192x192-1-1-1.webp","contentUrl":"https:\/\/inovacoes.mc-bauchemie.com.br\/mc-proof-multi\/wp-content\/uploads\/2023\/06\/cropped-cropped-cropped-cropped-cropped-imgpsh_fullsize_anim-192x192-1-1-1.webp","width":512,"height":512,"caption":"MC Proof Multi | MC Bauchemie"},"image":{"@id":"https:\/\/inovacoes.mc-bauchemie.com.br\/mc-proof-multi\/#\/schema\/logo\/image\/"},"sameAs":["https:\/\/www.instagram.com\/mcbauchemiebrasil\/","https:\/\/www.linkedin.com\/company\/mc-bauchemie-brasil\/","https:\/\/www.youtube.com\/user\/MCBauchemieBrasil"]}]}},"_links":{"self":[{"href":"https:\/\/inovacoes.mc-bauchemie.com.br\/mc-proof-multi\/wp-json\/wp\/v2\/pages\/7","targetHints":{"allow":["GET"]}}],"collection":[{"href":"https:\/\/inovacoes.mc-bauchemie.com.br\/mc-proof-multi\/wp-json\/wp\/v2\/pages"}],"about":[{"href":"https:\/\/inovacoes.mc-bauchemie.com.br\/mc-proof-multi\/wp-json\/wp\/v2\/types\/page"}],"author":[{"embeddable":true,"href":"https:\/\/inovacoes.mc-bauchemie.com.br\/mc-proof-multi\/wp-json\/wp\/v2\/users\/1"}],"replies":[{"embeddable":true,"href":"https:\/\/inovacoes.mc-bauchemie.com.br\/mc-proof-multi\/wp-json\/wp\/v2\/comments?post=7"}],"version-history":[{"count":2,"href":"https:\/\/inovacoes.mc-bauchemie.com.br\/mc-proof-multi\/wp-json\/wp\/v2\/pages\/7\/revisions"}],"predecessor-version":[{"id":271,"href":"https:\/\/inovacoes.mc-bauchemie.com.br\/mc-proof-multi\/wp-json\/wp\/v2\/pages\/7\/revisions\/271"}],"wp:featuredmedia":[{"embeddable":true,"href":"https:\/\/inovacoes.mc-bauchemie.com.br\/mc-proof-multi\/wp-json\/wp\/v2\/media\/31"}],"wp:attachment":[{"href":"https:\/\/inovacoes.mc-bauchemie.com.br\/mc-proof-multi\/wp-json\/wp\/v2\/media?parent=7"}],"curies":[{"name":"wp","href":"https:\/\/api.w.org\/{rel}","templated":true}]}}