{"id":277,"date":"2023-02-13T14:44:16","date_gmt":"2023-02-13T17:44:16","guid":{"rendered":"https:\/\/inovacoesmcbauchemie.combrcloud.com.br\/mc-plan-areas-internas\/?page_id=277"},"modified":"2025-02-07T17:10:59","modified_gmt":"2025-02-07T20:10:59","slug":"home","status":"publish","type":"page","link":"https:\/\/inovacoes.mc-bauchemie.com.br\/mc-plan-areas-internas\/","title":{"rendered":"Home"},"content":{"rendered":"","protected":false},"excerpt":{"rendered":"","protected":false},"author":1,"featured_media":283,"parent":0,"menu_order":0,"comment_status":"closed","ping_status":"closed","template":"page-home.php","meta":{"footnotes":""},"class_list":["post-277","page","type-page","status-publish","has-post-thumbnail","hentry"],"yoast_head":"<!-- This site is optimized with the Yoast SEO plugin v24.3 - https:\/\/yoast.com\/wordpress\/plugins\/seo\/ -->\n<title>Manta impermeabilizante MC-Plan \u00c1reas Internas | MC-Bauchemie<\/title>\n<meta name=\"description\" content=\"Manta impermeabilizante indicada para \u00e1reas internas, como banheiros, cozinhas e varandas. Conhe\u00e7a essa solu\u00e7\u00e3o da MC-Bauchemie!\" \/>\n<meta name=\"robots\" content=\"index, follow, max-snippet:-1, max-image-preview:large, max-video-preview:-1\" \/>\n<link rel=\"canonical\" href=\"https:\/\/inovacoes.mc-bauchemie.com.br\/mc-plan-areas-internas\/\" \/>\n<meta property=\"og:locale\" content=\"pt_BR\" \/>\n<meta property=\"og:type\" content=\"article\" \/>\n<meta property=\"og:title\" content=\"Manta impermeabilizante MC-Plan \u00c1reas Internas | MC-Bauchemie\" \/>\n<meta property=\"og:description\" content=\"Manta impermeabilizante indicada para \u00e1reas internas, como banheiros, cozinhas e varandas. Conhe\u00e7a essa solu\u00e7\u00e3o da MC-Bauchemie!\" \/>\n<meta property=\"og:url\" content=\"https:\/\/inovacoes.mc-bauchemie.com.br\/mc-plan-areas-internas\/\" \/>\n<meta property=\"og:site_name\" content=\"MC-PLAN \u00c1REAS INTERNAS by MC BAUCHEMIE\" \/>\n<meta property=\"article:publisher\" content=\"https:\/\/www.facebook.com\/mcbauchemiebrasil\" \/>\n<meta property=\"article:modified_time\" content=\"2025-02-07T20:10:59+00:00\" \/>\n<meta property=\"og:image\" content=\"https:\/\/inovacoes.mc-bauchemie.com.br\/mc-plan-areas-internas\/wp-content\/uploads\/2023\/02\/Banner-principal.jpg\" \/>\n\t<meta property=\"og:image:width\" content=\"1920\" \/>\n\t<meta property=\"og:image:height\" content=\"1081\" \/>\n\t<meta property=\"og:image:type\" content=\"image\/jpeg\" \/>\n<meta name=\"twitter:card\" content=\"summary_large_image\" \/>\n<meta name=\"twitter:label1\" content=\"Est. tempo de leitura\" \/>\n\t<meta name=\"twitter:data1\" content=\"1 minuto\" \/>\n<script type=\"application\/ld+json\" class=\"yoast-schema-graph\">{\"@context\":\"https:\/\/schema.org\",\"@graph\":[{\"@type\":\"WebPage\",\"@id\":\"https:\/\/inovacoes.mc-bauchemie.com.br\/mc-plan-areas-internas\/\",\"url\":\"https:\/\/inovacoes.mc-bauchemie.com.br\/mc-plan-areas-internas\/\",\"name\":\"Manta impermeabilizante MC-Plan \u00c1reas Internas | MC-Bauchemie\",\"isPartOf\":{\"@id\":\"https:\/\/inovacoes.mc-bauchemie.com.br\/mc-plan-areas-internas\/#website\"},\"primaryImageOfPage\":{\"@id\":\"https:\/\/inovacoes.mc-bauchemie.com.br\/mc-plan-areas-internas\/#primaryimage\"},\"image\":{\"@id\":\"https:\/\/inovacoes.mc-bauchemie.com.br\/mc-plan-areas-internas\/#primaryimage\"},\"thumbnailUrl\":\"https:\/\/inovacoes.mc-bauchemie.com.br\/mc-plan-areas-internas\/wp-content\/uploads\/2023\/02\/Banner-principal.jpg\",\"datePublished\":\"2023-02-13T17:44:16+00:00\",\"dateModified\":\"2025-02-07T20:10:59+00:00\",\"description\":\"Manta impermeabilizante indicada para \u00e1reas internas, como banheiros, cozinhas e varandas. Conhe\u00e7a essa solu\u00e7\u00e3o da MC-Bauchemie!\",\"breadcrumb\":{\"@id\":\"https:\/\/inovacoes.mc-bauchemie.com.br\/mc-plan-areas-internas\/#breadcrumb\"},\"inLanguage\":\"pt-BR\",\"potentialAction\":[{\"@type\":\"ReadAction\",\"target\":[\"https:\/\/inovacoes.mc-bauchemie.com.br\/mc-plan-areas-internas\/\"]}]},{\"@type\":\"ImageObject\",\"inLanguage\":\"pt-BR\",\"@id\":\"https:\/\/inovacoes.mc-bauchemie.com.br\/mc-plan-areas-internas\/#primaryimage\",\"url\":\"https:\/\/inovacoes.mc-bauchemie.com.br\/mc-plan-areas-internas\/wp-content\/uploads\/2023\/02\/Banner-principal.jpg\",\"contentUrl\":\"https:\/\/inovacoes.mc-bauchemie.com.br\/mc-plan-areas-internas\/wp-content\/uploads\/2023\/02\/Banner-principal.jpg\",\"width\":1920,\"height\":1081,\"caption\":\"MC-Plan \u00c1reas Internas\"},{\"@type\":\"BreadcrumbList\",\"@id\":\"https:\/\/inovacoes.mc-bauchemie.com.br\/mc-plan-areas-internas\/#breadcrumb\",\"itemListElement\":[{\"@type\":\"ListItem\",\"position\":1,\"name\":\"In\u00edcio\",\"item\":\"https:\/\/inovacoes.mc-bauchemie.com.br\/mc-plan-areas-internas\/\"},{\"@type\":\"ListItem\",\"position\":2,\"name\":\"Home\"}]},{\"@type\":\"WebSite\",\"@id\":\"https:\/\/inovacoes.mc-bauchemie.com.br\/mc-plan-areas-internas\/#website\",\"url\":\"https:\/\/inovacoes.mc-bauchemie.com.br\/mc-plan-areas-internas\/\",\"name\":\"MC-PLAN by MC BAUCHEMIE | Para quem n\u00e3o abre m\u00e3o de agilidade, inova\u00e7\u00e3o e seguran\u00e7a no resultado na hora da impermeabiliza\u00e7\u00e3o\u200b.\",\"description\":\"Para quem n\u00e3o abre m\u00e3o de agilidade, inova\u00e7\u00e3o e seguran\u00e7a no resultado na hora da impermeabiliza\u00e7\u00e3o\u200b\",\"publisher\":{\"@id\":\"https:\/\/inovacoes.mc-bauchemie.com.br\/mc-plan-areas-internas\/#organization\"},\"alternateName\":\"MC-PLAN by MC BAUCHEMIE | Para quem n\u00e3o abre m\u00e3o de agilidade, inova\u00e7\u00e3o e seguran\u00e7a no resultado na hora da impermeabiliza\u00e7\u00e3o\u200b\",\"potentialAction\":[{\"@type\":\"SearchAction\",\"target\":{\"@type\":\"EntryPoint\",\"urlTemplate\":\"https:\/\/inovacoes.mc-bauchemie.com.br\/mc-plan-areas-internas\/?s={search_term_string}\"},\"query-input\":{\"@type\":\"PropertyValueSpecification\",\"valueRequired\":true,\"valueName\":\"search_term_string\"}}],\"inLanguage\":\"pt-BR\"},{\"@type\":\"Organization\",\"@id\":\"https:\/\/inovacoes.mc-bauchemie.com.br\/mc-plan-areas-internas\/#organization\",\"name\":\"MC-PLAN by MC BAUCHEMIE | Para quem n\u00e3o abre m\u00e3o de agilidade, inova\u00e7\u00e3o e seguran\u00e7a no resultado na hora da impermeabiliza\u00e7\u00e3o\u200b.\",\"url\":\"https:\/\/inovacoes.mc-bauchemie.com.br\/mc-plan-areas-internas\/\",\"logo\":{\"@type\":\"ImageObject\",\"inLanguage\":\"pt-BR\",\"@id\":\"https:\/\/inovacoes.mc-bauchemie.com.br\/mc-plan-areas-internas\/#\/schema\/logo\/image\/\",\"url\":\"https:\/\/inovacoesmcbauchemie.combrcloud.com.br\/mc-plan-areas-internas\/wp-content\/uploads\/2023\/02\/logo-footer.png\",\"contentUrl\":\"https:\/\/inovacoesmcbauchemie.combrcloud.com.br\/mc-plan-areas-internas\/wp-content\/uploads\/2023\/02\/logo-footer.png\",\"width\":140,\"height\":86,\"caption\":\"MC-PLAN by MC BAUCHEMIE | Para quem n\u00e3o abre m\u00e3o de agilidade, inova\u00e7\u00e3o e seguran\u00e7a no resultado na hora da impermeabiliza\u00e7\u00e3o\u200b.\"},\"image\":{\"@id\":\"https:\/\/inovacoes.mc-bauchemie.com.br\/mc-plan-areas-internas\/#\/schema\/logo\/image\/\"},\"sameAs\":[\"https:\/\/www.facebook.com\/mcbauchemiebrasil\",\"https:\/\/www.instagram.com\/mcbauchemiebrasil\/\"]}]}<\/script>\n<!-- \/ Yoast SEO plugin. -->","yoast_head_json":{"title":"Manta impermeabilizante MC-Plan \u00c1reas Internas | MC-Bauchemie","description":"Manta impermeabilizante indicada para \u00e1reas internas, como banheiros, cozinhas e varandas. Conhe\u00e7a essa solu\u00e7\u00e3o da MC-Bauchemie!","robots":{"index":"index","follow":"follow","max-snippet":"max-snippet:-1","max-image-preview":"max-image-preview:large","max-video-preview":"max-video-preview:-1"},"canonical":"https:\/\/inovacoes.mc-bauchemie.com.br\/mc-plan-areas-internas\/","og_locale":"pt_BR","og_type":"article","og_title":"Manta impermeabilizante MC-Plan \u00c1reas Internas | MC-Bauchemie","og_description":"Manta impermeabilizante indicada para \u00e1reas internas, como banheiros, cozinhas e varandas. Conhe\u00e7a essa solu\u00e7\u00e3o da MC-Bauchemie!","og_url":"https:\/\/inovacoes.mc-bauchemie.com.br\/mc-plan-areas-internas\/","og_site_name":"MC-PLAN \u00c1REAS INTERNAS by MC BAUCHEMIE","article_publisher":"https:\/\/www.facebook.com\/mcbauchemiebrasil","article_modified_time":"2025-02-07T20:10:59+00:00","og_image":[{"width":1920,"height":1081,"url":"https:\/\/inovacoes.mc-bauchemie.com.br\/mc-plan-areas-internas\/wp-content\/uploads\/2023\/02\/Banner-principal.jpg","type":"image\/jpeg"}],"twitter_card":"summary_large_image","twitter_misc":{"Est. tempo de leitura":"1 minuto"},"schema":{"@context":"https:\/\/schema.org","@graph":[{"@type":"WebPage","@id":"https:\/\/inovacoes.mc-bauchemie.com.br\/mc-plan-areas-internas\/","url":"https:\/\/inovacoes.mc-bauchemie.com.br\/mc-plan-areas-internas\/","name":"Manta impermeabilizante MC-Plan \u00c1reas Internas | MC-Bauchemie","isPartOf":{"@id":"https:\/\/inovacoes.mc-bauchemie.com.br\/mc-plan-areas-internas\/#website"},"primaryImageOfPage":{"@id":"https:\/\/inovacoes.mc-bauchemie.com.br\/mc-plan-areas-internas\/#primaryimage"},"image":{"@id":"https:\/\/inovacoes.mc-bauchemie.com.br\/mc-plan-areas-internas\/#primaryimage"},"thumbnailUrl":"https:\/\/inovacoes.mc-bauchemie.com.br\/mc-plan-areas-internas\/wp-content\/uploads\/2023\/02\/Banner-principal.jpg","datePublished":"2023-02-13T17:44:16+00:00","dateModified":"2025-02-07T20:10:59+00:00","description":"Manta impermeabilizante indicada para \u00e1reas internas, como banheiros, cozinhas e varandas. Conhe\u00e7a essa solu\u00e7\u00e3o da MC-Bauchemie!","breadcrumb":{"@id":"https:\/\/inovacoes.mc-bauchemie.com.br\/mc-plan-areas-internas\/#breadcrumb"},"inLanguage":"pt-BR","potentialAction":[{"@type":"ReadAction","target":["https:\/\/inovacoes.mc-bauchemie.com.br\/mc-plan-areas-internas\/"]}]},{"@type":"ImageObject","inLanguage":"pt-BR","@id":"https:\/\/inovacoes.mc-bauchemie.com.br\/mc-plan-areas-internas\/#primaryimage","url":"https:\/\/inovacoes.mc-bauchemie.com.br\/mc-plan-areas-internas\/wp-content\/uploads\/2023\/02\/Banner-principal.jpg","contentUrl":"https:\/\/inovacoes.mc-bauchemie.com.br\/mc-plan-areas-internas\/wp-content\/uploads\/2023\/02\/Banner-principal.jpg","width":1920,"height":1081,"caption":"MC-Plan \u00c1reas Internas"},{"@type":"BreadcrumbList","@id":"https:\/\/inovacoes.mc-bauchemie.com.br\/mc-plan-areas-internas\/#breadcrumb","itemListElement":[{"@type":"ListItem","position":1,"name":"In\u00edcio","item":"https:\/\/inovacoes.mc-bauchemie.com.br\/mc-plan-areas-internas\/"},{"@type":"ListItem","position":2,"name":"Home"}]},{"@type":"WebSite","@id":"https:\/\/inovacoes.mc-bauchemie.com.br\/mc-plan-areas-internas\/#website","url":"https:\/\/inovacoes.mc-bauchemie.com.br\/mc-plan-areas-internas\/","name":"MC-PLAN by MC BAUCHEMIE | Para quem n\u00e3o abre m\u00e3o de agilidade, inova\u00e7\u00e3o e seguran\u00e7a no resultado na hora da impermeabiliza\u00e7\u00e3o\u200b.","description":"Para quem n\u00e3o abre m\u00e3o de agilidade, inova\u00e7\u00e3o e seguran\u00e7a no resultado na hora da impermeabiliza\u00e7\u00e3o\u200b","publisher":{"@id":"https:\/\/inovacoes.mc-bauchemie.com.br\/mc-plan-areas-internas\/#organization"},"alternateName":"MC-PLAN by MC BAUCHEMIE | Para quem n\u00e3o abre m\u00e3o de agilidade, inova\u00e7\u00e3o e seguran\u00e7a no resultado na hora da impermeabiliza\u00e7\u00e3o\u200b","potentialAction":[{"@type":"SearchAction","target":{"@type":"EntryPoint","urlTemplate":"https:\/\/inovacoes.mc-bauchemie.com.br\/mc-plan-areas-internas\/?s={search_term_string}"},"query-input":{"@type":"PropertyValueSpecification","valueRequired":true,"valueName":"search_term_string"}}],"inLanguage":"pt-BR"},{"@type":"Organization","@id":"https:\/\/inovacoes.mc-bauchemie.com.br\/mc-plan-areas-internas\/#organization","name":"MC-PLAN by MC BAUCHEMIE | Para quem n\u00e3o abre m\u00e3o de agilidade, inova\u00e7\u00e3o e seguran\u00e7a no resultado na hora da impermeabiliza\u00e7\u00e3o\u200b.","url":"https:\/\/inovacoes.mc-bauchemie.com.br\/mc-plan-areas-internas\/","logo":{"@type":"ImageObject","inLanguage":"pt-BR","@id":"https:\/\/inovacoes.mc-bauchemie.com.br\/mc-plan-areas-internas\/#\/schema\/logo\/image\/","url":"https:\/\/inovacoesmcbauchemie.combrcloud.com.br\/mc-plan-areas-internas\/wp-content\/uploads\/2023\/02\/logo-footer.png","contentUrl":"https:\/\/inovacoesmcbauchemie.combrcloud.com.br\/mc-plan-areas-internas\/wp-content\/uploads\/2023\/02\/logo-footer.png","width":140,"height":86,"caption":"MC-PLAN by MC BAUCHEMIE | Para quem n\u00e3o abre m\u00e3o de agilidade, inova\u00e7\u00e3o e seguran\u00e7a no resultado na hora da impermeabiliza\u00e7\u00e3o\u200b."},"image":{"@id":"https:\/\/inovacoes.mc-bauchemie.com.br\/mc-plan-areas-internas\/#\/schema\/logo\/image\/"},"sameAs":["https:\/\/www.facebook.com\/mcbauchemiebrasil","https:\/\/www.instagram.com\/mcbauchemiebrasil\/"]}]}},"_links":{"self":[{"href":"https:\/\/inovacoes.mc-bauchemie.com.br\/mc-plan-areas-internas\/wp-json\/wp\/v2\/pages\/277","targetHints":{"allow":["GET"]}}],"collection":[{"href":"https:\/\/inovacoes.mc-bauchemie.com.br\/mc-plan-areas-internas\/wp-json\/wp\/v2\/pages"}],"about":[{"href":"https:\/\/inovacoes.mc-bauchemie.com.br\/mc-plan-areas-internas\/wp-json\/wp\/v2\/types\/page"}],"author":[{"embeddable":true,"href":"https:\/\/inovacoes.mc-bauchemie.com.br\/mc-plan-areas-internas\/wp-json\/wp\/v2\/users\/1"}],"replies":[{"embeddable":true,"href":"https:\/\/inovacoes.mc-bauchemie.com.br\/mc-plan-areas-internas\/wp-json\/wp\/v2\/comments?post=277"}],"version-history":[{"count":3,"href":"https:\/\/inovacoes.mc-bauchemie.com.br\/mc-plan-areas-internas\/wp-json\/wp\/v2\/pages\/277\/revisions"}],"predecessor-version":[{"id":323,"href":"https:\/\/inovacoes.mc-bauchemie.com.br\/mc-plan-areas-internas\/wp-json\/wp\/v2\/pages\/277\/revisions\/323"}],"wp:featuredmedia":[{"embeddable":true,"href":"https:\/\/inovacoes.mc-bauchemie.com.br\/mc-plan-areas-internas\/wp-json\/wp\/v2\/media\/283"}],"wp:attachment":[{"href":"https:\/\/inovacoes.mc-bauchemie.com.br\/mc-plan-areas-internas\/wp-json\/wp\/v2\/media?parent=277"}],"curies":[{"name":"wp","href":"https:\/\/api.w.org\/{rel}","templated":true}]}}